{"id":412,"date":"2025-03-25T17:02:08","date_gmt":"2025-03-25T16:02:08","guid":{"rendered":"https:\/\/lvz.fr\/index.php\/contact\/"},"modified":"2026-04-07T12:06:43","modified_gmt":"2026-04-07T10:06:43","slug":"contact","status":"publish","type":"page","link":"https:\/\/lvz.fr\/index.php\/contact\/","title":{"rendered":"Contact"},"content":{"rendered":"\t\t<div data-elementor-type=\"wp-page\" data-elementor-id=\"412\" class=\"elementor elementor-412\" data-elementor-post-type=\"page\">\n\t\t\t\t<div class=\"elementor-element elementor-element-147853a1 e-flex e-con-boxed e-con e-parent\" data-id=\"147853a1\" data-element_type=\"container\" data-e-type=\"container\" data-settings=\"{&quot;background_background&quot;:&quot;classic&quot;}\">\n\t\t\t\t\t<div class=\"e-con-inner\">\n\t\t<div class=\"elementor-element elementor-element-40c2aa70 e-flex e-con-boxed e-con e-child\" data-id=\"40c2aa70\" data-element_type=\"container\" data-e-type=\"container\">\n\t\t\t\t\t<div class=\"e-con-inner\">\n\t\t\t\t<div class=\"elementor-element elementor-element-70bc91d7 elementor-widget elementor-widget-heading\" data-id=\"70bc91d7\" data-element_type=\"widget\" data-e-type=\"widget\" data-widget_type=\"heading.default\">\n\t\t\t\t<div class=\"elementor-widget-container\">\n\t\t\t\t\t<h1 class=\"elementor-heading-title elementor-size-default\">Contact<\/h1>\t\t\t\t<\/div>\n\t\t\t\t<\/div>\n\t\t\t\t<div class=\"elementor-element elementor-element-5758f59b elementor-widget elementor-widget-text-editor\" data-id=\"5758f59b\" data-element_type=\"widget\" data-e-type=\"widget\" data-widget_type=\"text-editor.default\">\n\t\t\t\t<div class=\"elementor-widget-container\">\n\t\t\t\t\t\t\t\t\t<p>Bonjour, Parce qu&rsquo;Isabelle a choisi de communiquer en privil\u00e9giant la chaleur humaine, \u00a0elle vous invite \u00e0 la \u00a0contacter directement par T\u00e9l\u00e9phone 06 50 71 70 63.<\/p><p>Mais s&rsquo;il est plus simple pour vous d&rsquo;\u00eatre rappel\u00e9 plus tard, laissez vos coordonn\u00e9es en utilisant le formulaire ci-dessous, Isabelle vous recontactera. A tr\u00e8s vite.<\/p>\t\t\t\t\t\t\t\t<\/div>\n\t\t\t\t<\/div>\n\t\t\t\t\t<\/div>\n\t\t\t\t<\/div>\n\t\t<div class=\"elementor-element elementor-element-29b06db6 e-con-full e-flex e-con e-child\" data-id=\"29b06db6\" data-element_type=\"container\" data-e-type=\"container\">\n\t\t<div class=\"elementor-element elementor-element-7e56fea e-con-full e-flex e-con e-child\" data-id=\"7e56fea\" data-element_type=\"container\" data-e-type=\"container\">\n\t\t\t\t<div class=\"elementor-element elementor-element-29d44946 elementor-invisible elementor-widget elementor-widget-image\" data-id=\"29d44946\" data-element_type=\"widget\" data-e-type=\"widget\" data-settings=\"{&quot;_animation&quot;:&quot;fadeIn&quot;}\" data-widget_type=\"image.default\">\n\t\t\t\t<div class=\"elementor-widget-container\">\n\t\t\t\t\t\t\t\t\t\t\t\t\t\t\t<img fetchpriority=\"high\" decoding=\"async\" width=\"768\" height=\"1152\" src=\"https:\/\/lvz.fr\/wp-content\/uploads\/2026\/02\/service-hero-zoespirit-768x1152.jpg\" class=\"attachment-medium_large size-medium_large wp-image-381\" alt=\"\" srcset=\"https:\/\/lvz.fr\/wp-content\/uploads\/2026\/02\/service-hero-zoespirit-768x1152.jpg 768w, https:\/\/lvz.fr\/wp-content\/uploads\/2026\/02\/service-hero-zoespirit-200x300.jpg 200w, https:\/\/lvz.fr\/wp-content\/uploads\/2026\/02\/service-hero-zoespirit-683x1024.jpg 683w, https:\/\/lvz.fr\/wp-content\/uploads\/2026\/02\/service-hero-zoespirit.jpg 978w\" sizes=\"(max-width: 768px) 100vw, 768px\" \/>\t\t\t\t\t\t\t\t\t\t\t\t\t\t\t<\/div>\n\t\t\t\t<\/div>\n\t\t\t\t<div class=\"elementor-element elementor-element-4e892153 elementor-widget elementor-widget-heading\" data-id=\"4e892153\" data-element_type=\"widget\" data-e-type=\"widget\" data-widget_type=\"heading.default\">\n\t\t\t\t<div class=\"elementor-widget-container\">\n\t\t\t\t\t<h2 class=\"elementor-heading-title elementor-size-default\">Isabelle VANESTE<\/h2>\t\t\t\t<\/div>\n\t\t\t\t<\/div>\n\t\t\t\t<div class=\"elementor-element elementor-element-1134dd6e elementor-widget elementor-widget-text-editor\" data-id=\"1134dd6e\" data-element_type=\"widget\" data-e-type=\"widget\" data-widget_type=\"text-editor.default\">\n\t\t\t\t<div class=\"elementor-widget-container\">\n\t\t\t\t\t\t\t\t\t<p><strong>Addresse :<\/strong> R\u00e9sidence EDEN PARC &#8211; 83330 LE CASTELLET<\/p><p><strong>T\u00e9l. :<\/strong> +33 (0)6 50 71 70 63<\/p><p><strong>Horaires :<\/strong><br \/>9:00 &#8211; 12:30<br \/>14:00 &#8211; 19:00\u00a0<\/p>\t\t\t\t\t\t\t\t<\/div>\n\t\t\t\t<\/div>\n\t\t\t\t<div class=\"elementor-element elementor-element-769eae5f elementor-shape-square e-grid-align-left e-grid-align-mobile-center elementor-grid-0 elementor-widget elementor-widget-social-icons\" data-id=\"769eae5f\" data-element_type=\"widget\" data-e-type=\"widget\" data-widget_type=\"social-icons.default\">\n\t\t\t\t<div class=\"elementor-widget-container\">\n\t\t\t\t\t\t\t<div class=\"elementor-social-icons-wrapper elementor-grid\" role=\"list\">\n\t\t\t\t\t\t\t<span class=\"elementor-grid-item\" role=\"listitem\">\n\t\t\t\t\t<a class=\"elementor-icon elementor-social-icon elementor-social-icon-facebook elementor-repeater-item-d60e5b1\" target=\"_blank\">\n\t\t\t\t\t\t<span class=\"elementor-screen-only\">Facebook<\/span>\n\t\t\t\t\t\t<i aria-hidden=\"true\" class=\"fab fa-facebook\"><\/i>\t\t\t\t\t<\/a>\n\t\t\t\t<\/span>\n\t\t\t\t\t\t\t<span class=\"elementor-grid-item\" role=\"listitem\">\n\t\t\t\t\t<a class=\"elementor-icon elementor-social-icon elementor-social-icon-youtube elementor-repeater-item-011b3f3\" target=\"_blank\">\n\t\t\t\t\t\t<span class=\"elementor-screen-only\">Youtube<\/span>\n\t\t\t\t\t\t<i aria-hidden=\"true\" class=\"fab fa-youtube\"><\/i>\t\t\t\t\t<\/a>\n\t\t\t\t<\/span>\n\t\t\t\t\t\t\t<span class=\"elementor-grid-item\" role=\"listitem\">\n\t\t\t\t\t<a class=\"elementor-icon elementor-social-icon elementor-social-icon-instagram elementor-repeater-item-b2bda8b\" href=\"https:\/\/www.instagram.com\/reflexo.numerologie\/\" target=\"_blank\">\n\t\t\t\t\t\t<span class=\"elementor-screen-only\">Instagram<\/span>\n\t\t\t\t\t\t<i aria-hidden=\"true\" class=\"fab fa-instagram\"><\/i>\t\t\t\t\t<\/a>\n\t\t\t\t<\/span>\n\t\t\t\t\t<\/div>\n\t\t\t\t\t\t<\/div>\n\t\t\t\t<\/div>\n\t\t\t\t<\/div>\n\t\t<div class=\"elementor-element elementor-element-732c3096 e-con-full e-flex e-con e-child\" data-id=\"732c3096\" data-element_type=\"container\" data-e-type=\"container\" data-settings=\"{&quot;background_background&quot;:&quot;classic&quot;}\">\n\t\t\t\t<div class=\"elementor-element elementor-element-4c9f7192 elementor-widget elementor-widget-heading\" data-id=\"4c9f7192\" data-element_type=\"widget\" data-e-type=\"widget\" data-widget_type=\"heading.default\">\n\t\t\t\t<div class=\"elementor-widget-container\">\n\t\t\t\t\t<p class=\"elementor-heading-title elementor-size-small\"><a href=\"#\">Plus de d\u00e9tail \u00e0 propos de la politique de confidentialit\u00e9 ici<\/a><\/p>\t\t\t\t<\/div>\n\t\t\t\t<\/div>\n\t\t\t\t<div class=\"elementor-element elementor-element-6ce7e355 elementor-button-align-center elementor-widget elementor-widget-form\" data-id=\"6ce7e355\" data-element_type=\"widget\" data-e-type=\"widget\" data-settings=\"{&quot;step_next_label&quot;:&quot;Suivant&quot;,&quot;step_previous_label&quot;:&quot;Pr\\u00e9c\\u00e9dent&quot;,&quot;button_width&quot;:&quot;100&quot;,&quot;step_type&quot;:&quot;number_text&quot;,&quot;step_icon_shape&quot;:&quot;circle&quot;}\" data-widget_type=\"form.default\">\n\t\t\t\t<div class=\"elementor-widget-container\">\n\t\t\t\t\t\t\t<form class=\"elementor-form\" method=\"post\" id=\"contactform\" name=\"Contact form\" aria-label=\"Contact form\">\n\t\t\t<input type=\"hidden\" name=\"post_id\" value=\"412\"\/>\n\t\t\t<input type=\"hidden\" name=\"form_id\" value=\"6ce7e355\"\/>\n\t\t\t<input type=\"hidden\" name=\"referer_title\" value=\"Contact - Isabelle Cr\u00e9atrice de Bien-\u00eatre\" \/>\n\n\t\t\t\t\t\t\t<input type=\"hidden\" name=\"queried_id\" value=\"412\"\/>\n\t\t\t\n\t\t\t<div class=\"elementor-form-fields-wrapper elementor-labels-above\">\n\t\t\t\t\t\t\t\t<div class=\"elementor-field-type-text elementor-field-group elementor-column elementor-field-group-prenom elementor-col-50 elementor-field-required elementor-mark-required\">\n\t\t\t\t\t\t\t\t\t\t\t\t<label for=\"form-field-prenom\" class=\"elementor-field-label\">\n\t\t\t\t\t\t\t\tPr\u00e9nom\t\t\t\t\t\t\t<\/label>\n\t\t\t\t\t\t\t\t\t\t\t\t\t\t<input size=\"1\" type=\"text\" name=\"form_fields[prenom]\" id=\"form-field-prenom\" class=\"elementor-field elementor-size-md  elementor-field-textual\" placeholder=\"Zo\u00e9\" required=\"required\">\n\t\t\t\t\t\t\t\t\t\t\t<\/div>\n\t\t\t\t\t\t\t\t<div class=\"elementor-field-type-text elementor-field-group elementor-column elementor-field-group-nom elementor-col-50 elementor-field-required elementor-mark-required\">\n\t\t\t\t\t\t\t\t\t\t\t\t<label for=\"form-field-nom\" class=\"elementor-field-label\">\n\t\t\t\t\t\t\t\tNom\t\t\t\t\t\t\t<\/label>\n\t\t\t\t\t\t\t\t\t\t\t\t\t\t<input size=\"1\" type=\"text\" name=\"form_fields[nom]\" id=\"form-field-nom\" class=\"elementor-field elementor-size-md  elementor-field-textual\" placeholder=\"Spirit\" required=\"required\">\n\t\t\t\t\t\t\t\t\t\t\t<\/div>\n\t\t\t\t\t\t\t\t<div class=\"elementor-field-type-text elementor-field-group elementor-column elementor-field-group-field_d145cd5 elementor-col-100 elementor-field-required elementor-mark-required\">\n\t\t\t\t\t\t\t\t\t\t\t\t<label for=\"form-field-field_d145cd5\" class=\"elementor-field-label\">\n\t\t\t\t\t\t\t\tT\u00e9l\u00e9phone\t\t\t\t\t\t\t<\/label>\n\t\t\t\t\t\t\t\t\t\t\t\t\t\t<input size=\"1\" type=\"text\" name=\"form_fields[field_d145cd5]\" id=\"form-field-field_d145cd5\" class=\"elementor-field elementor-size-md  elementor-field-textual\" placeholder=\"06 12 34 56 78\" required=\"required\">\n\t\t\t\t\t\t\t\t\t\t\t<\/div>\n\t\t\t\t\t\t\t\t<div class=\"elementor-field-type-email elementor-field-group elementor-column elementor-field-group-email elementor-col-100 elementor-field-required elementor-mark-required\">\n\t\t\t\t\t\t\t\t\t\t\t\t<label for=\"form-field-email\" class=\"elementor-field-label\">\n\t\t\t\t\t\t\t\tEmail\t\t\t\t\t\t\t<\/label>\n\t\t\t\t\t\t\t\t\t\t\t\t\t\t<input size=\"1\" type=\"email\" name=\"form_fields[email]\" id=\"form-field-email\" class=\"elementor-field elementor-size-md  elementor-field-textual\" placeholder=\"contact@mail.com\" required=\"required\">\n\t\t\t\t\t\t\t\t\t\t\t<\/div>\n\t\t\t\t\t\t\t\t<div class=\"elementor-field-type-text elementor-field-group elementor-column elementor-field-group-subject elementor-col-100 elementor-field-required elementor-mark-required\">\n\t\t\t\t\t\t\t\t\t\t\t\t<label for=\"form-field-subject\" class=\"elementor-field-label\">\n\t\t\t\t\t\t\t\tObjet\t\t\t\t\t\t\t<\/label>\n\t\t\t\t\t\t\t\t\t\t\t\t\t\t<input size=\"1\" type=\"text\" name=\"form_fields[subject]\" id=\"form-field-subject\" class=\"elementor-field elementor-size-md  elementor-field-textual\" placeholder=\"Ce message est \u00e0 propos de...\" required=\"required\">\n\t\t\t\t\t\t\t\t\t\t\t<\/div>\n\t\t\t\t\t\t\t\t<div class=\"elementor-field-type-textarea elementor-field-group elementor-column elementor-field-group-message elementor-col-100 elementor-field-required elementor-mark-required\">\n\t\t\t\t\t\t\t\t\t\t\t\t<label for=\"form-field-message\" class=\"elementor-field-label\">\n\t\t\t\t\t\t\t\tMessage\t\t\t\t\t\t\t<\/label>\n\t\t\t\t\t\t<textarea class=\"elementor-field-textual elementor-field  elementor-size-md\" name=\"form_fields[message]\" id=\"form-field-message\" rows=\"10\" placeholder=\"Bonjour,\" required=\"required\"><\/textarea>\t\t\t\t<\/div>\n\t\t\t\t\t\t\t\t<div class=\"elementor-field-type-acceptance elementor-field-group elementor-column elementor-field-group-rgpd elementor-col-100 elementor-field-required elementor-mark-required\">\n\t\t\t\t\t\t\t\t\t\t\t\t<label for=\"form-field-rgpd\" class=\"elementor-field-label\">\n\t\t\t\t\t\t\t\tRGPD checkbox\t\t\t\t\t\t\t<\/label>\n\t\t\t\t\t\t\t\t<div class=\"elementor-field-subgroup\">\n\t\t\t<span class=\"elementor-field-option\">\n\t\t\t\t<input type=\"checkbox\" name=\"form_fields[rgpd]\" id=\"form-field-rgpd\" class=\"elementor-field elementor-size-md  elementor-acceptance-field\" required=\"required\">\n\t\t\t\t<label for=\"form-field-rgpd\">J'accepte la politique de confidentialit\u00e9<\/label>\t\t\t<\/span>\n\t\t<\/div>\n\t\t\t\t\t\t<\/div>\n\t\t\t\t\t\t\t\t<div class=\"elementor-field-group elementor-column elementor-field-type-submit elementor-col-100 e-form__buttons\">\n\t\t\t\t\t<button class=\"elementor-button elementor-size-md\" type=\"submit\">\n\t\t\t\t\t\t<span class=\"elementor-button-content-wrapper\">\n\t\t\t\t\t\t\t\t\t\t\t\t\t\t\t\t\t\t\t\t\t\t<span class=\"elementor-button-text\">Envoyer<\/span>\n\t\t\t\t\t\t\t\t\t\t\t\t\t<\/span>\n\t\t\t\t\t<\/button>\n\t\t\t\t<\/div>\n\t\t\t<\/div>\n\t\t<\/form>\n\t\t\t\t\t\t<\/div>\n\t\t\t\t<\/div>\n\t\t\t\t<\/div>\n\t\t\t\t<\/div>\n\t\t\t\t\t<\/div>\n\t\t\t\t<\/div>\n\t\t\t\t<\/div>\n\t\t","protected":false},"excerpt":{"rendered":"<p>Contact Bonjour, Parce qu&rsquo;Isabelle a choisi de communiquer en privil\u00e9giant la chaleur humaine, \u00a0elle vous invite \u00e0 la \u00a0contacter directement par T\u00e9l\u00e9phone 06 50 71 70 63. Mais s&rsquo;il est plus simple pour vous d&rsquo;\u00eatre rappel\u00e9 plus tard, laissez vos coordonn\u00e9es en utilisant le formulaire ci-dessous, Isabelle vous recontactera. A tr\u00e8s vite. Isabelle VANESTE Addresse [&hellip;]<\/p>\n","protected":false},"author":1,"featured_media":0,"parent":0,"menu_order":0,"comment_status":"closed","ping_status":"closed","template":"","meta":{"footnotes":""},"class_list":["post-412","page","type-page","status-publish","hentry"],"yoast_head":"<!-- This site is optimized with the Yoast SEO plugin v27.0 - https:\/\/yoast.com\/product\/yoast-seo-wordpress\/ -->\n<title>Contact - Isabelle Cr\u00e9atrice de Bien-\u00eatre<\/title>\n<meta name=\"robots\" content=\"index, follow, max-snippet:-1, max-image-preview:large, max-video-preview:-1\" \/>\n<link rel=\"canonical\" href=\"https:\/\/lvz.fr\/index.php\/contact\/\" \/>\n<meta property=\"og:locale\" content=\"fr_FR\" \/>\n<meta property=\"og:type\" content=\"article\" \/>\n<meta property=\"og:title\" content=\"Contact - Isabelle Cr\u00e9atrice de Bien-\u00eatre\" \/>\n<meta property=\"og:description\" content=\"Contact Bonjour, Parce qu&rsquo;Isabelle a choisi de communiquer en privil\u00e9giant la chaleur humaine, \u00a0elle vous invite \u00e0 la \u00a0contacter directement par T\u00e9l\u00e9phone 06 50 71 70 63. Mais s&rsquo;il est plus simple pour vous d&rsquo;\u00eatre rappel\u00e9 plus tard, laissez vos coordonn\u00e9es en utilisant le formulaire ci-dessous, Isabelle vous recontactera. A tr\u00e8s vite. Isabelle VANESTE Addresse [&hellip;]\" \/>\n<meta property=\"og:url\" content=\"https:\/\/lvz.fr\/index.php\/contact\/\" \/>\n<meta property=\"og:site_name\" content=\"Isabelle Cr\u00e9atrice de Bien-\u00eatre\" \/>\n<meta property=\"article:modified_time\" content=\"2026-04-07T10:06:43+00:00\" \/>\n<meta property=\"og:image\" content=\"http:\/\/lvz.fr\/wp-content\/uploads\/2026\/02\/service-hero-zoespirit-768x1152.jpg\" \/>\n<meta name=\"twitter:card\" content=\"summary_large_image\" \/>\n<meta name=\"twitter:label1\" content=\"Dur\u00e9e de lecture estim\u00e9e\" \/>\n\t<meta name=\"twitter:data1\" content=\"1 minute\" \/>\n<script type=\"application\/ld+json\" class=\"yoast-schema-graph\">{\"@context\":\"https:\/\/schema.org\",\"@graph\":[{\"@type\":\"WebPage\",\"@id\":\"https:\/\/lvz.fr\/index.php\/contact\/\",\"url\":\"https:\/\/lvz.fr\/index.php\/contact\/\",\"name\":\"Contact - Isabelle Cr\u00e9atrice de Bien-\u00eatre\",\"isPartOf\":{\"@id\":\"https:\/\/lvz.fr\/#website\"},\"primaryImageOfPage\":{\"@id\":\"https:\/\/lvz.fr\/index.php\/contact\/#primaryimage\"},\"image\":{\"@id\":\"https:\/\/lvz.fr\/index.php\/contact\/#primaryimage\"},\"thumbnailUrl\":\"http:\/\/lvz.fr\/wp-content\/uploads\/2026\/02\/service-hero-zoespirit-768x1152.jpg\",\"datePublished\":\"2025-03-25T16:02:08+00:00\",\"dateModified\":\"2026-04-07T10:06:43+00:00\",\"breadcrumb\":{\"@id\":\"https:\/\/lvz.fr\/index.php\/contact\/#breadcrumb\"},\"inLanguage\":\"fr-FR\",\"potentialAction\":[{\"@type\":\"ReadAction\",\"target\":[\"https:\/\/lvz.fr\/index.php\/contact\/\"]}]},{\"@type\":\"ImageObject\",\"inLanguage\":\"fr-FR\",\"@id\":\"https:\/\/lvz.fr\/index.php\/contact\/#primaryimage\",\"url\":\"https:\/\/lvz.fr\/wp-content\/uploads\/2026\/02\/service-hero-zoespirit.jpg\",\"contentUrl\":\"https:\/\/lvz.fr\/wp-content\/uploads\/2026\/02\/service-hero-zoespirit.jpg\",\"width\":978,\"height\":1467},{\"@type\":\"BreadcrumbList\",\"@id\":\"https:\/\/lvz.fr\/index.php\/contact\/#breadcrumb\",\"itemListElement\":[{\"@type\":\"ListItem\",\"position\":1,\"name\":\"Accueil\",\"item\":\"https:\/\/lvz.fr\/\"},{\"@type\":\"ListItem\",\"position\":2,\"name\":\"Contact\"}]},{\"@type\":\"WebSite\",\"@id\":\"https:\/\/lvz.fr\/#website\",\"url\":\"https:\/\/lvz.fr\/\",\"name\":\"Isabelle Cr\u00e9atrice de Bien-\u00eatre\",\"description\":\"Num\u00e9rologue &amp; R\u00e9flexologue formatrice\",\"publisher\":{\"@id\":\"https:\/\/lvz.fr\/#organization\"},\"potentialAction\":[{\"@type\":\"SearchAction\",\"target\":{\"@type\":\"EntryPoint\",\"urlTemplate\":\"https:\/\/lvz.fr\/?s={search_term_string}\"},\"query-input\":{\"@type\":\"PropertyValueSpecification\",\"valueRequired\":true,\"valueName\":\"search_term_string\"}}],\"inLanguage\":\"fr-FR\"},{\"@type\":\"Organization\",\"@id\":\"https:\/\/lvz.fr\/#organization\",\"name\":\"Isabelle Cr\u00e9atrice de Bien-\u00eatre\",\"url\":\"https:\/\/lvz.fr\/\",\"logo\":{\"@type\":\"ImageObject\",\"inLanguage\":\"fr-FR\",\"@id\":\"https:\/\/lvz.fr\/#\/schema\/logo\/image\/\",\"url\":\"https:\/\/lvz.fr\/wp-content\/uploads\/2024\/10\/cropped-C5912DBE-E888-4763-82AD-EC77C857A7C4_1_201_a.jpeg\",\"contentUrl\":\"https:\/\/lvz.fr\/wp-content\/uploads\/2024\/10\/cropped-C5912DBE-E888-4763-82AD-EC77C857A7C4_1_201_a.jpeg\",\"width\":453,\"height\":443,\"caption\":\"Isabelle Cr\u00e9atrice de Bien-\u00eatre\"},\"image\":{\"@id\":\"https:\/\/lvz.fr\/#\/schema\/logo\/image\/\"}}]}<\/script>\n<!-- \/ Yoast SEO plugin. -->","yoast_head_json":{"title":"Contact - Isabelle Cr\u00e9atrice de Bien-\u00eatre","robots":{"index":"index","follow":"follow","max-snippet":"max-snippet:-1","max-image-preview":"max-image-preview:large","max-video-preview":"max-video-preview:-1"},"canonical":"https:\/\/lvz.fr\/index.php\/contact\/","og_locale":"fr_FR","og_type":"article","og_title":"Contact - Isabelle Cr\u00e9atrice de Bien-\u00eatre","og_description":"Contact Bonjour, Parce qu&rsquo;Isabelle a choisi de communiquer en privil\u00e9giant la chaleur humaine, \u00a0elle vous invite \u00e0 la \u00a0contacter directement par T\u00e9l\u00e9phone 06 50 71 70 63. Mais s&rsquo;il est plus simple pour vous d&rsquo;\u00eatre rappel\u00e9 plus tard, laissez vos coordonn\u00e9es en utilisant le formulaire ci-dessous, Isabelle vous recontactera. A tr\u00e8s vite. Isabelle VANESTE Addresse [&hellip;]","og_url":"https:\/\/lvz.fr\/index.php\/contact\/","og_site_name":"Isabelle Cr\u00e9atrice de Bien-\u00eatre","article_modified_time":"2026-04-07T10:06:43+00:00","og_image":[{"url":"http:\/\/lvz.fr\/wp-content\/uploads\/2026\/02\/service-hero-zoespirit-768x1152.jpg","type":"","width":"","height":""}],"twitter_card":"summary_large_image","twitter_misc":{"Dur\u00e9e de lecture estim\u00e9e":"1 minute"},"schema":{"@context":"https:\/\/schema.org","@graph":[{"@type":"WebPage","@id":"https:\/\/lvz.fr\/index.php\/contact\/","url":"https:\/\/lvz.fr\/index.php\/contact\/","name":"Contact - Isabelle Cr\u00e9atrice de Bien-\u00eatre","isPartOf":{"@id":"https:\/\/lvz.fr\/#website"},"primaryImageOfPage":{"@id":"https:\/\/lvz.fr\/index.php\/contact\/#primaryimage"},"image":{"@id":"https:\/\/lvz.fr\/index.php\/contact\/#primaryimage"},"thumbnailUrl":"http:\/\/lvz.fr\/wp-content\/uploads\/2026\/02\/service-hero-zoespirit-768x1152.jpg","datePublished":"2025-03-25T16:02:08+00:00","dateModified":"2026-04-07T10:06:43+00:00","breadcrumb":{"@id":"https:\/\/lvz.fr\/index.php\/contact\/#breadcrumb"},"inLanguage":"fr-FR","potentialAction":[{"@type":"ReadAction","target":["https:\/\/lvz.fr\/index.php\/contact\/"]}]},{"@type":"ImageObject","inLanguage":"fr-FR","@id":"https:\/\/lvz.fr\/index.php\/contact\/#primaryimage","url":"https:\/\/lvz.fr\/wp-content\/uploads\/2026\/02\/service-hero-zoespirit.jpg","contentUrl":"https:\/\/lvz.fr\/wp-content\/uploads\/2026\/02\/service-hero-zoespirit.jpg","width":978,"height":1467},{"@type":"BreadcrumbList","@id":"https:\/\/lvz.fr\/index.php\/contact\/#breadcrumb","itemListElement":[{"@type":"ListItem","position":1,"name":"Accueil","item":"https:\/\/lvz.fr\/"},{"@type":"ListItem","position":2,"name":"Contact"}]},{"@type":"WebSite","@id":"https:\/\/lvz.fr\/#website","url":"https:\/\/lvz.fr\/","name":"Isabelle Cr\u00e9atrice de Bien-\u00eatre","description":"Num\u00e9rologue &amp; R\u00e9flexologue formatrice","publisher":{"@id":"https:\/\/lvz.fr\/#organization"},"potentialAction":[{"@type":"SearchAction","target":{"@type":"EntryPoint","urlTemplate":"https:\/\/lvz.fr\/?s={search_term_string}"},"query-input":{"@type":"PropertyValueSpecification","valueRequired":true,"valueName":"search_term_string"}}],"inLanguage":"fr-FR"},{"@type":"Organization","@id":"https:\/\/lvz.fr\/#organization","name":"Isabelle Cr\u00e9atrice de Bien-\u00eatre","url":"https:\/\/lvz.fr\/","logo":{"@type":"ImageObject","inLanguage":"fr-FR","@id":"https:\/\/lvz.fr\/#\/schema\/logo\/image\/","url":"https:\/\/lvz.fr\/wp-content\/uploads\/2024\/10\/cropped-C5912DBE-E888-4763-82AD-EC77C857A7C4_1_201_a.jpeg","contentUrl":"https:\/\/lvz.fr\/wp-content\/uploads\/2024\/10\/cropped-C5912DBE-E888-4763-82AD-EC77C857A7C4_1_201_a.jpeg","width":453,"height":443,"caption":"Isabelle Cr\u00e9atrice de Bien-\u00eatre"},"image":{"@id":"https:\/\/lvz.fr\/#\/schema\/logo\/image\/"}}]}},"_links":{"self":[{"href":"https:\/\/lvz.fr\/index.php\/wp-json\/wp\/v2\/pages\/412","targetHints":{"allow":["GET"]}}],"collection":[{"href":"https:\/\/lvz.fr\/index.php\/wp-json\/wp\/v2\/pages"}],"about":[{"href":"https:\/\/lvz.fr\/index.php\/wp-json\/wp\/v2\/types\/page"}],"author":[{"embeddable":true,"href":"https:\/\/lvz.fr\/index.php\/wp-json\/wp\/v2\/users\/1"}],"replies":[{"embeddable":true,"href":"https:\/\/lvz.fr\/index.php\/wp-json\/wp\/v2\/comments?post=412"}],"version-history":[{"count":22,"href":"https:\/\/lvz.fr\/index.php\/wp-json\/wp\/v2\/pages\/412\/revisions"}],"predecessor-version":[{"id":717,"href":"https:\/\/lvz.fr\/index.php\/wp-json\/wp\/v2\/pages\/412\/revisions\/717"}],"wp:attachment":[{"href":"https:\/\/lvz.fr\/index.php\/wp-json\/wp\/v2\/media?parent=412"}],"curies":[{"name":"wp","href":"https:\/\/api.w.org\/{rel}","templated":true}]}}