{"id":411,"date":"2025-03-25T17:27:24","date_gmt":"2025-03-25T16:27:24","guid":{"rendered":"https:\/\/lvz.fr\/index.php\/page-de-liens\/"},"modified":"2025-03-25T17:27:24","modified_gmt":"2025-03-25T16:27:24","slug":"page-de-liens","status":"publish","type":"page","link":"https:\/\/lvz.fr\/index.php\/page-de-liens\/","title":{"rendered":"Page de liens"},"content":{"rendered":"\t\t<div data-elementor-type=\"wp-page\" data-elementor-id=\"411\" class=\"elementor elementor-411\" data-elementor-post-type=\"page\">\n\t\t\t\t<div class=\"elementor-element elementor-element-12b1877b e-con-full e-flex e-con e-parent\" data-id=\"12b1877b\" data-element_type=\"container\" data-e-type=\"container\">\n\t\t<div class=\"elementor-element elementor-element-e9310a3 e-con-full e-flex e-con e-child\" data-id=\"e9310a3\" data-element_type=\"container\" data-e-type=\"container\" data-settings=\"{&quot;background_background&quot;:&quot;classic&quot;}\">\n\t\t\t\t<div class=\"elementor-element elementor-element-6285da4f elementor-widget elementor-widget-image\" data-id=\"6285da4f\" data-element_type=\"widget\" data-e-type=\"widget\" data-widget_type=\"image.default\">\n\t\t\t\t<div class=\"elementor-widget-container\">\n\t\t\t\t\t\t\t\t\t\t\t\t\t\t\t<img fetchpriority=\"high\" decoding=\"async\" width=\"758\" height=\"930\" src=\"https:\/\/lvz.fr\/wp-content\/uploads\/2026\/02\/about-bloc-zoespirit.jpg\" class=\"attachment-medium_large size-medium_large wp-image-386\" alt=\"\" srcset=\"https:\/\/lvz.fr\/wp-content\/uploads\/2026\/02\/about-bloc-zoespirit.jpg 758w, https:\/\/lvz.fr\/wp-content\/uploads\/2026\/02\/about-bloc-zoespirit-245x300.jpg 245w\" sizes=\"(max-width: 758px) 100vw, 758px\" \/>\t\t\t\t\t\t\t\t\t\t\t\t\t\t\t<\/div>\n\t\t\t\t<\/div>\n\t\t\t\t<div class=\"elementor-element elementor-element-2174f4a0 elementor-widget elementor-widget-text-editor\" data-id=\"2174f4a0\" data-element_type=\"widget\" data-e-type=\"widget\" data-widget_type=\"text-editor.default\">\n\t\t\t\t<div class=\"elementor-widget-container\">\n\t\t\t\t\t\t\t\t\t<p style=\"text-align: center;\">Hi! I&rsquo;m Zo\u00e9! Lorem ipsum dolor sit amet, consetetur sadipscing elitr, sed diam nonumy eirmod tempor invidunt ut labore et dolore magna aliquyam erat, sed diam voluptua.<\/p>\t\t\t\t\t\t\t\t<\/div>\n\t\t\t\t<\/div>\n\t\t\t\t<\/div>\n\t\t<div class=\"elementor-element elementor-element-5f9f3b96 e-con-full e-flex e-con e-child\" data-id=\"5f9f3b96\" data-element_type=\"container\" data-e-type=\"container\" data-settings=\"{&quot;background_background&quot;:&quot;classic&quot;}\">\n\t\t\t\t<div class=\"elementor-element elementor-element-1b9ce79c elementor-widget elementor-widget-image\" data-id=\"1b9ce79c\" data-element_type=\"widget\" data-e-type=\"widget\" data-widget_type=\"image.default\">\n\t\t\t\t<div class=\"elementor-widget-container\">\n\t\t\t\t\t\t\t\t\t\t\t\t\t\t\t<img decoding=\"async\" width=\"300\" height=\"293\" src=\"https:\/\/lvz.fr\/wp-content\/uploads\/2024\/10\/cropped-C5912DBE-E888-4763-82AD-EC77C857A7C4_1_201_a-300x293.jpeg\" class=\"attachment-medium size-medium wp-image-281\" alt=\"logo de LVZ pour La Vie Zen\" srcset=\"https:\/\/lvz.fr\/wp-content\/uploads\/2024\/10\/cropped-C5912DBE-E888-4763-82AD-EC77C857A7C4_1_201_a-300x293.jpeg 300w, https:\/\/lvz.fr\/wp-content\/uploads\/2024\/10\/cropped-C5912DBE-E888-4763-82AD-EC77C857A7C4_1_201_a-225x220.jpeg 225w, https:\/\/lvz.fr\/wp-content\/uploads\/2024\/10\/cropped-C5912DBE-E888-4763-82AD-EC77C857A7C4_1_201_a.jpeg 453w\" sizes=\"(max-width: 300px) 100vw, 300px\" \/>\t\t\t\t\t\t\t\t\t\t\t\t\t\t\t<\/div>\n\t\t\t\t<\/div>\n\t\t\t\t<div class=\"elementor-element elementor-element-7e05e647 elementor-widget elementor-widget-text-editor\" data-id=\"7e05e647\" data-element_type=\"widget\" data-e-type=\"widget\" data-widget_type=\"text-editor.default\">\n\t\t\t\t<div class=\"elementor-widget-container\">\n\t\t\t\t\t\t\t\t\t<p style=\"text-align: center;\">Hello ! Voici comment je peux t&rsquo;aider aujourd&rsquo;hui \ud83d\udc47<\/p>\t\t\t\t\t\t\t\t<\/div>\n\t\t\t\t<\/div>\n\t\t<div class=\"elementor-element elementor-element-3e775d55 e-flex e-con-boxed e-con e-child\" data-id=\"3e775d55\" data-element_type=\"container\" data-e-type=\"container\">\n\t\t\t\t\t<div class=\"e-con-inner\">\n\t\t\t\t<div class=\"elementor-element elementor-element-27e51950 elementor-align-justify elementor-mobile-align-justify elementor-widget elementor-widget-button\" data-id=\"27e51950\" data-element_type=\"widget\" data-e-type=\"widget\" data-widget_type=\"button.default\">\n\t\t\t\t<div class=\"elementor-widget-container\">\n\t\t\t\t\t\t\t\t\t<div class=\"elementor-button-wrapper\">\n\t\t\t\t\t<a class=\"elementor-button elementor-button-link elementor-size-md\" href=\"#\">\n\t\t\t\t\t\t<span class=\"elementor-button-content-wrapper\">\n\t\t\t\t\t\t\t\t\t<span class=\"elementor-button-text\">\ud83c\udf81 T\u00e9l\u00e9charger le freebie<\/span>\n\t\t\t\t\t<\/span>\n\t\t\t\t\t<\/a>\n\t\t\t\t<\/div>\n\t\t\t\t\t\t\t\t<\/div>\n\t\t\t\t<\/div>\n\t\t\t\t<div class=\"elementor-element elementor-element-37800843 elementor-align-justify elementor-mobile-align-justify elementor-widget elementor-widget-button\" data-id=\"37800843\" data-element_type=\"widget\" data-e-type=\"widget\" data-widget_type=\"button.default\">\n\t\t\t\t<div class=\"elementor-widget-container\">\n\t\t\t\t\t\t\t\t\t<div class=\"elementor-button-wrapper\">\n\t\t\t\t\t<a class=\"elementor-button elementor-button-link elementor-size-md\" href=\"#\">\n\t\t\t\t\t\t<span class=\"elementor-button-content-wrapper\">\n\t\t\t\t\t\t\t\t\t<span class=\"elementor-button-text\">Ma super offre<\/span>\n\t\t\t\t\t<\/span>\n\t\t\t\t\t<\/a>\n\t\t\t\t<\/div>\n\t\t\t\t\t\t\t\t<\/div>\n\t\t\t\t<\/div>\n\t\t\t\t<div class=\"elementor-element elementor-element-3018ada1 elementor-align-justify elementor-mobile-align-justify elementor-widget elementor-widget-button\" data-id=\"3018ada1\" data-element_type=\"widget\" data-e-type=\"widget\" data-widget_type=\"button.default\">\n\t\t\t\t<div class=\"elementor-widget-container\">\n\t\t\t\t\t\t\t\t\t<div class=\"elementor-button-wrapper\">\n\t\t\t\t\t<a class=\"elementor-button elementor-button-link elementor-size-md\" href=\"#\" target=\"_blank\">\n\t\t\t\t\t\t<span class=\"elementor-button-content-wrapper\">\n\t\t\t\t\t\t\t\t\t<span class=\"elementor-button-text\">Rejoindre ma liste<\/span>\n\t\t\t\t\t<\/span>\n\t\t\t\t\t<\/a>\n\t\t\t\t<\/div>\n\t\t\t\t\t\t\t\t<\/div>\n\t\t\t\t<\/div>\n\t\t\t\t<div class=\"elementor-element elementor-element-40948b4d elementor-align-justify elementor-mobile-align-justify elementor-widget elementor-widget-button\" data-id=\"40948b4d\" data-element_type=\"widget\" data-e-type=\"widget\" data-widget_type=\"button.default\">\n\t\t\t\t<div class=\"elementor-widget-container\">\n\t\t\t\t\t\t\t\t\t<div class=\"elementor-button-wrapper\">\n\t\t\t\t\t<a class=\"elementor-button elementor-button-link elementor-size-md\" href=\"#\">\n\t\t\t\t\t\t<span class=\"elementor-button-content-wrapper\">\n\t\t\t\t\t\t\t\t\t<span class=\"elementor-button-text\">Le blog<\/span>\n\t\t\t\t\t<\/span>\n\t\t\t\t\t<\/a>\n\t\t\t\t<\/div>\n\t\t\t\t\t\t\t\t<\/div>\n\t\t\t\t<\/div>\n\t\t\t\t\t<\/div>\n\t\t\t\t<\/div>\n\t\t<div class=\"elementor-element elementor-element-2d4e055a e-flex e-con-boxed e-con e-child\" data-id=\"2d4e055a\" data-element_type=\"container\" data-e-type=\"container\">\n\t\t\t\t\t<div class=\"e-con-inner\">\n\t\t\t\t<div class=\"elementor-element elementor-element-1ffcc2fe elementor-widget elementor-widget-heading\" data-id=\"1ffcc2fe\" data-element_type=\"widget\" data-e-type=\"widget\" data-widget_type=\"heading.default\">\n\t\t\t\t<div class=\"elementor-widget-container\">\n\t\t\t\t\t<h2 class=\"elementor-heading-title elementor-size-default\">Dernier article<\/h2>\t\t\t\t<\/div>\n\t\t\t\t<\/div>\n\t\t\t\t<div class=\"elementor-element elementor-element-3d6aa6df elementor-posts__hover-none elementor-grid-1 elementor-grid-tablet-1 elementor-posts--align-center elementor-widget__width-inherit elementor-grid-mobile-1 elementor-posts--thumbnail-top elementor-widget elementor-widget-posts\" data-id=\"3d6aa6df\" data-element_type=\"widget\" data-e-type=\"widget\" data-settings=\"{&quot;cards_columns&quot;:&quot;1&quot;,&quot;cards_columns_tablet&quot;:&quot;1&quot;,&quot;cards_columns_mobile&quot;:&quot;1&quot;,&quot;cards_row_gap&quot;:{&quot;unit&quot;:&quot;px&quot;,&quot;size&quot;:35,&quot;sizes&quot;:[]},&quot;cards_row_gap_tablet&quot;:{&quot;unit&quot;:&quot;px&quot;,&quot;size&quot;:&quot;&quot;,&quot;sizes&quot;:[]},&quot;cards_row_gap_mobile&quot;:{&quot;unit&quot;:&quot;px&quot;,&quot;size&quot;:&quot;&quot;,&quot;sizes&quot;:[]}}\" data-widget_type=\"posts.cards\">\n\t\t\t\t<div class=\"elementor-widget-container\">\n\t\t\t\t\t\t\t<div class=\"elementor-posts-container elementor-posts elementor-posts--skin-cards elementor-grid\" role=\"list\">\n\t\t\t\t<article class=\"elementor-post elementor-grid-item post-325 post type-post status-publish format-standard hentry category-actualite category-info-numerologue\" role=\"listitem\">\n\t\t\t<div class=\"elementor-post__card\">\n\t\t\t\t<div class=\"elementor-post__text\">\n\t\t\t\t<h3 class=\"elementor-post__title\">\n\t\t\t<a href=\"https:\/\/lvz.fr\/index.php\/2026\/01\/28\/numerologie-stand-disabelle-vaneste-au-salon-du-bien-etre-toulon-2026\/\" >\n\t\t\t\tNum\u00e9rologie : Stand d&rsquo;Isabelle VANESTE au Salon du Bien-\u00catre &#8211; Toulon 2026\t\t\t<\/a>\n\t\t<\/h3>\n\t\t\t\t<\/div>\n\t\t\t\t<div class=\"elementor-post__meta-data\">\n\t\t\t\t\t<span class=\"elementor-post-date\">\n\t\t\t28 janvier 2026\t\t<\/span>\n\t\t\t\t<\/div>\n\t\t\t\t\t<\/div>\n\t\t<\/article>\n\t\t\t\t<\/div>\n\t\t\n\t\t\t\t\t\t<\/div>\n\t\t\t\t<\/div>\n\t\t\t\t\t<\/div>\n\t\t\t\t<\/div>\n\t\t\t\t<\/div>\n\t\t\t\t<\/div>\n\t\t\t\t<\/div>\n\t\t","protected":false},"excerpt":{"rendered":"<p>Hi! I&rsquo;m Zo\u00e9! Lorem ipsum dolor sit amet, consetetur sadipscing elitr, sed diam nonumy eirmod tempor invidunt ut labore et dolore magna aliquyam erat, sed<\/p>\n","protected":false},"author":1,"featured_media":0,"parent":0,"menu_order":0,"comment_status":"closed","ping_status":"closed","template":"elementor_canvas","meta":{"footnotes":""},"class_list":["post-411","page","type-page","status-publish","hentry"],"yoast_head":"<!-- This site is optimized with the Yoast SEO plugin v27.0 - https:\/\/yoast.com\/product\/yoast-seo-wordpress\/ -->\n<title>Page de liens - Isabelle Cr\u00e9atrice de Bien-\u00eatre<\/title>\n<meta name=\"robots\" content=\"index, follow, max-snippet:-1, max-image-preview:large, max-video-preview:-1\" \/>\n<link rel=\"canonical\" href=\"https:\/\/lvz.fr\/index.php\/page-de-liens\/\" \/>\n<meta property=\"og:locale\" content=\"fr_FR\" \/>\n<meta property=\"og:type\" content=\"article\" \/>\n<meta property=\"og:title\" content=\"Page de liens - Isabelle Cr\u00e9atrice de Bien-\u00eatre\" \/>\n<meta property=\"og:description\" content=\"Hi! I&rsquo;m Zo\u00e9! Lorem ipsum dolor sit amet, consetetur sadipscing elitr, sed diam nonumy eirmod tempor invidunt ut labore et dolore magna aliquyam erat, sed\" \/>\n<meta property=\"og:url\" content=\"https:\/\/lvz.fr\/index.php\/page-de-liens\/\" \/>\n<meta property=\"og:site_name\" content=\"Isabelle Cr\u00e9atrice de Bien-\u00eatre\" \/>\n<meta property=\"og:image\" content=\"http:\/\/lvz.fr\/wp-content\/uploads\/2026\/02\/about-bloc-zoespirit.jpg\" \/>\n<meta name=\"twitter:card\" content=\"summary_large_image\" \/>\n<script type=\"application\/ld+json\" class=\"yoast-schema-graph\">{\"@context\":\"https:\/\/schema.org\",\"@graph\":[{\"@type\":\"WebPage\",\"@id\":\"https:\/\/lvz.fr\/index.php\/page-de-liens\/\",\"url\":\"https:\/\/lvz.fr\/index.php\/page-de-liens\/\",\"name\":\"Page de liens - Isabelle Cr\u00e9atrice de Bien-\u00eatre\",\"isPartOf\":{\"@id\":\"https:\/\/lvz.fr\/#website\"},\"primaryImageOfPage\":{\"@id\":\"https:\/\/lvz.fr\/index.php\/page-de-liens\/#primaryimage\"},\"image\":{\"@id\":\"https:\/\/lvz.fr\/index.php\/page-de-liens\/#primaryimage\"},\"thumbnailUrl\":\"http:\/\/lvz.fr\/wp-content\/uploads\/2026\/02\/about-bloc-zoespirit.jpg\",\"datePublished\":\"2025-03-25T16:27:24+00:00\",\"breadcrumb\":{\"@id\":\"https:\/\/lvz.fr\/index.php\/page-de-liens\/#breadcrumb\"},\"inLanguage\":\"fr-FR\",\"potentialAction\":[{\"@type\":\"ReadAction\",\"target\":[\"https:\/\/lvz.fr\/index.php\/page-de-liens\/\"]}]},{\"@type\":\"ImageObject\",\"inLanguage\":\"fr-FR\",\"@id\":\"https:\/\/lvz.fr\/index.php\/page-de-liens\/#primaryimage\",\"url\":\"http:\/\/lvz.fr\/wp-content\/uploads\/2026\/02\/about-bloc-zoespirit.jpg\",\"contentUrl\":\"http:\/\/lvz.fr\/wp-content\/uploads\/2026\/02\/about-bloc-zoespirit.jpg\"},{\"@type\":\"BreadcrumbList\",\"@id\":\"https:\/\/lvz.fr\/index.php\/page-de-liens\/#breadcrumb\",\"itemListElement\":[{\"@type\":\"ListItem\",\"position\":1,\"name\":\"Accueil\",\"item\":\"https:\/\/lvz.fr\/\"},{\"@type\":\"ListItem\",\"position\":2,\"name\":\"Page de liens\"}]},{\"@type\":\"WebSite\",\"@id\":\"https:\/\/lvz.fr\/#website\",\"url\":\"https:\/\/lvz.fr\/\",\"name\":\"Isabelle Cr\u00e9atrice de Bien-\u00eatre\",\"description\":\"Num\u00e9rologue &amp; R\u00e9flexologue formatrice\",\"publisher\":{\"@id\":\"https:\/\/lvz.fr\/#organization\"},\"potentialAction\":[{\"@type\":\"SearchAction\",\"target\":{\"@type\":\"EntryPoint\",\"urlTemplate\":\"https:\/\/lvz.fr\/?s={search_term_string}\"},\"query-input\":{\"@type\":\"PropertyValueSpecification\",\"valueRequired\":true,\"valueName\":\"search_term_string\"}}],\"inLanguage\":\"fr-FR\"},{\"@type\":\"Organization\",\"@id\":\"https:\/\/lvz.fr\/#organization\",\"name\":\"Isabelle Cr\u00e9atrice de Bien-\u00eatre\",\"url\":\"https:\/\/lvz.fr\/\",\"logo\":{\"@type\":\"ImageObject\",\"inLanguage\":\"fr-FR\",\"@id\":\"https:\/\/lvz.fr\/#\/schema\/logo\/image\/\",\"url\":\"https:\/\/lvz.fr\/wp-content\/uploads\/2024\/10\/cropped-C5912DBE-E888-4763-82AD-EC77C857A7C4_1_201_a.jpeg\",\"contentUrl\":\"https:\/\/lvz.fr\/wp-content\/uploads\/2024\/10\/cropped-C5912DBE-E888-4763-82AD-EC77C857A7C4_1_201_a.jpeg\",\"width\":453,\"height\":443,\"caption\":\"Isabelle Cr\u00e9atrice de Bien-\u00eatre\"},\"image\":{\"@id\":\"https:\/\/lvz.fr\/#\/schema\/logo\/image\/\"}}]}<\/script>\n<!-- \/ Yoast SEO plugin. -->","yoast_head_json":{"title":"Page de liens - Isabelle Cr\u00e9atrice de Bien-\u00eatre","robots":{"index":"index","follow":"follow","max-snippet":"max-snippet:-1","max-image-preview":"max-image-preview:large","max-video-preview":"max-video-preview:-1"},"canonical":"https:\/\/lvz.fr\/index.php\/page-de-liens\/","og_locale":"fr_FR","og_type":"article","og_title":"Page de liens - Isabelle Cr\u00e9atrice de Bien-\u00eatre","og_description":"Hi! I&rsquo;m Zo\u00e9! Lorem ipsum dolor sit amet, consetetur sadipscing elitr, sed diam nonumy eirmod tempor invidunt ut labore et dolore magna aliquyam erat, sed","og_url":"https:\/\/lvz.fr\/index.php\/page-de-liens\/","og_site_name":"Isabelle Cr\u00e9atrice de Bien-\u00eatre","og_image":[{"url":"http:\/\/lvz.fr\/wp-content\/uploads\/2026\/02\/about-bloc-zoespirit.jpg","type":"","width":"","height":""}],"twitter_card":"summary_large_image","schema":{"@context":"https:\/\/schema.org","@graph":[{"@type":"WebPage","@id":"https:\/\/lvz.fr\/index.php\/page-de-liens\/","url":"https:\/\/lvz.fr\/index.php\/page-de-liens\/","name":"Page de liens - Isabelle Cr\u00e9atrice de Bien-\u00eatre","isPartOf":{"@id":"https:\/\/lvz.fr\/#website"},"primaryImageOfPage":{"@id":"https:\/\/lvz.fr\/index.php\/page-de-liens\/#primaryimage"},"image":{"@id":"https:\/\/lvz.fr\/index.php\/page-de-liens\/#primaryimage"},"thumbnailUrl":"http:\/\/lvz.fr\/wp-content\/uploads\/2026\/02\/about-bloc-zoespirit.jpg","datePublished":"2025-03-25T16:27:24+00:00","breadcrumb":{"@id":"https:\/\/lvz.fr\/index.php\/page-de-liens\/#breadcrumb"},"inLanguage":"fr-FR","potentialAction":[{"@type":"ReadAction","target":["https:\/\/lvz.fr\/index.php\/page-de-liens\/"]}]},{"@type":"ImageObject","inLanguage":"fr-FR","@id":"https:\/\/lvz.fr\/index.php\/page-de-liens\/#primaryimage","url":"http:\/\/lvz.fr\/wp-content\/uploads\/2026\/02\/about-bloc-zoespirit.jpg","contentUrl":"http:\/\/lvz.fr\/wp-content\/uploads\/2026\/02\/about-bloc-zoespirit.jpg"},{"@type":"BreadcrumbList","@id":"https:\/\/lvz.fr\/index.php\/page-de-liens\/#breadcrumb","itemListElement":[{"@type":"ListItem","position":1,"name":"Accueil","item":"https:\/\/lvz.fr\/"},{"@type":"ListItem","position":2,"name":"Page de liens"}]},{"@type":"WebSite","@id":"https:\/\/lvz.fr\/#website","url":"https:\/\/lvz.fr\/","name":"Isabelle Cr\u00e9atrice de Bien-\u00eatre","description":"Num\u00e9rologue &amp; R\u00e9flexologue formatrice","publisher":{"@id":"https:\/\/lvz.fr\/#organization"},"potentialAction":[{"@type":"SearchAction","target":{"@type":"EntryPoint","urlTemplate":"https:\/\/lvz.fr\/?s={search_term_string}"},"query-input":{"@type":"PropertyValueSpecification","valueRequired":true,"valueName":"search_term_string"}}],"inLanguage":"fr-FR"},{"@type":"Organization","@id":"https:\/\/lvz.fr\/#organization","name":"Isabelle Cr\u00e9atrice de Bien-\u00eatre","url":"https:\/\/lvz.fr\/","logo":{"@type":"ImageObject","inLanguage":"fr-FR","@id":"https:\/\/lvz.fr\/#\/schema\/logo\/image\/","url":"https:\/\/lvz.fr\/wp-content\/uploads\/2024\/10\/cropped-C5912DBE-E888-4763-82AD-EC77C857A7C4_1_201_a.jpeg","contentUrl":"https:\/\/lvz.fr\/wp-content\/uploads\/2024\/10\/cropped-C5912DBE-E888-4763-82AD-EC77C857A7C4_1_201_a.jpeg","width":453,"height":443,"caption":"Isabelle Cr\u00e9atrice de Bien-\u00eatre"},"image":{"@id":"https:\/\/lvz.fr\/#\/schema\/logo\/image\/"}}]}},"_links":{"self":[{"href":"https:\/\/lvz.fr\/index.php\/wp-json\/wp\/v2\/pages\/411","targetHints":{"allow":["GET"]}}],"collection":[{"href":"https:\/\/lvz.fr\/index.php\/wp-json\/wp\/v2\/pages"}],"about":[{"href":"https:\/\/lvz.fr\/index.php\/wp-json\/wp\/v2\/types\/page"}],"author":[{"embeddable":true,"href":"https:\/\/lvz.fr\/index.php\/wp-json\/wp\/v2\/users\/1"}],"replies":[{"embeddable":true,"href":"https:\/\/lvz.fr\/index.php\/wp-json\/wp\/v2\/comments?post=411"}],"version-history":[{"count":0,"href":"https:\/\/lvz.fr\/index.php\/wp-json\/wp\/v2\/pages\/411\/revisions"}],"wp:attachment":[{"href":"https:\/\/lvz.fr\/index.php\/wp-json\/wp\/v2\/media?parent=411"}],"curies":[{"name":"wp","href":"https:\/\/api.w.org\/{rel}","templated":true}]}}