{"id":409,"date":"2025-03-27T17:26:55","date_gmt":"2025-03-27T16:26:55","guid":{"rendered":"https:\/\/lvz.fr\/index.php\/page-simple\/"},"modified":"2025-03-27T17:26:55","modified_gmt":"2025-03-27T16:26:55","slug":"page-simple","status":"publish","type":"page","link":"https:\/\/lvz.fr\/index.php\/page-simple\/","title":{"rendered":"Page simple"},"content":{"rendered":"<h2>Subtitle heading 2<\/h2>\n<p>Stet clita kasd gubergren, no sea takimata sanctus est Lorem ipsum dolor sit amet. Lorem ipsum dolor sit amet, consetetur sadipscing elitr, sed diam nonumy eirmod tempor invidunt ut labore et dolore magna aliquyam erat, sed diam voluptua. Stet clita kasd gubergren, no sea takimata sanctus est Lorem ipsum dolor sit amet. Lorem ipsum dolor sit amet. Stet clita kasd gubergren, no sea takimata sanctus est Lorem ipsum dolor sit amet. Lorem ipsum dolor sit amet, consetetur sadipscing elitr, sed diam nonumy eirmod tempor invidunt ut labore et dolore magna aliquyam erat, sed diam voluptua. Stet clita kasd gubergren, no sea takimata sanctus est Lorem ipsum dolor sit amet. Lorem ipsum dolor sit amet.<\/p>\n<h3>Subtitle heading 3<\/h3>\n<p>Stet clita kasd gubergren, no sea takimata sanctus est Lorem ipsum dolor sit amet. Lorem ipsum dolor sit amet, consetetur sadipscing elitr, sed diam nonumy eirmod tempor invidunt ut labore et dolore magna aliquyam erat, sed diam voluptua. Stet clita kasd gubergren, no sea takimata sanctus est Lorem ipsum dolor sit amet. Lorem ipsum dolor sit amet. Stet clita kasd gubergren, no sea takimata sanctus est Lorem ipsum dolor sit amet. Lorem ipsum dolor sit amet, consetetur sadipscing elitr, sed diam nonumy eirmod tempor invidunt ut labore et dolore magna aliquyam erat, sed diam voluptua. Stet clita kasd gubergren, no sea takimata sanctus est Lorem ipsum dolor sit amet. Lorem ipsum dolor sit amet.<\/p>\n<ul>\n<li>Stet clita kasd gubergren<\/li>\n<li>no sea takimata sanctus est<\/li>\n<li>Lorem ipsum dolor sit amet.<\/li>\n<\/ul>\n<p>Lorem ipsum dolor sit amet, consetetur sadipscing elitr, sed diam nonumy eirmod tempor invidunt ut labore et dolore magna aliquyam erat, sed diam voluptua. Stet clita kasd gubergren, no sea takimata sanctus est Lorem ipsum dolor sit amet. Lorem ipsum dolor sit amet. Stet clita kasd gubergren, no sea takimata sanctus est Lorem ipsum dolor sit amet. Lorem ipsum dolor sit amet, consetetur sadipscing elitr, sed diam nonumy eirmod tempor invidunt ut labore et dolore magna aliquyam erat, sed diam voluptua. Stet clita kasd gubergren, no sea takimata sanctus est Lorem ipsum dolor sit amet. <em>Lorem ipsum dolor sit amet.<\/em><\/p>\n<p><a href=\"#\">This is a link<\/a><\/p>\n<h4>Subtitle heading 4<\/h4>\n<ol>\n<li>Stet clita kasd gubergren<\/li>\n<li>no sea takimata sanctus est<\/li>\n<li>Lorem ipsum dolor sit amet.<\/li>\n<\/ol>\n<p><strong>Une citation :<\/strong><\/p>\n<blockquote><p>Lorem ipsum dolor sit amet, consetetur sadipscing elitr, sed diam nonumy eirmod tempor invidunt ut labore et dolore magna aliquyam erat<\/p><\/blockquote>\n<p>&nbsp;<\/p>\n<p>&nbsp;<\/p>\n","protected":false},"excerpt":{"rendered":"<p>Subtitle heading 2 Stet clita kasd gubergren, no sea takimata sanctus est Lorem ipsum dolor sit amet. Lorem ipsum dolor sit amet, consetetur sadipscing elitr, sed diam nonumy eirmod tempor invidunt ut labore et dolore magna aliquyam erat, sed diam voluptua. Stet clita kasd gubergren, no sea takimata sanctus est Lorem ipsum dolor sit amet. [&hellip;]<\/p>\n","protected":false},"author":1,"featured_media":0,"parent":0,"menu_order":0,"comment_status":"closed","ping_status":"closed","template":"","meta":{"footnotes":""},"class_list":["post-409","page","type-page","status-publish","hentry"],"yoast_head":"<!-- This site is optimized with the Yoast SEO plugin v27.0 - https:\/\/yoast.com\/product\/yoast-seo-wordpress\/ -->\n<title>Page simple - Isabelle Cr\u00e9atrice de Bien-\u00eatre<\/title>\n<meta name=\"robots\" content=\"index, follow, max-snippet:-1, max-image-preview:large, max-video-preview:-1\" \/>\n<link rel=\"canonical\" href=\"https:\/\/lvz.fr\/index.php\/page-simple\/\" \/>\n<meta property=\"og:locale\" content=\"fr_FR\" \/>\n<meta property=\"og:type\" content=\"article\" \/>\n<meta property=\"og:title\" content=\"Page simple - Isabelle Cr\u00e9atrice de Bien-\u00eatre\" \/>\n<meta property=\"og:description\" content=\"Subtitle heading 2 Stet clita kasd gubergren, no sea takimata sanctus est Lorem ipsum dolor sit amet. Lorem ipsum dolor sit amet, consetetur sadipscing elitr, sed diam nonumy eirmod tempor invidunt ut labore et dolore magna aliquyam erat, sed diam voluptua. Stet clita kasd gubergren, no sea takimata sanctus est Lorem ipsum dolor sit amet. [&hellip;]\" \/>\n<meta property=\"og:url\" content=\"https:\/\/lvz.fr\/index.php\/page-simple\/\" \/>\n<meta property=\"og:site_name\" content=\"Isabelle Cr\u00e9atrice de Bien-\u00eatre\" \/>\n<meta name=\"twitter:card\" content=\"summary_large_image\" \/>\n<meta name=\"twitter:label1\" content=\"Dur\u00e9e de lecture estim\u00e9e\" \/>\n\t<meta name=\"twitter:data1\" content=\"2 minutes\" \/>\n<script type=\"application\/ld+json\" class=\"yoast-schema-graph\">{\"@context\":\"https:\/\/schema.org\",\"@graph\":[{\"@type\":\"WebPage\",\"@id\":\"https:\/\/lvz.fr\/index.php\/page-simple\/\",\"url\":\"https:\/\/lvz.fr\/index.php\/page-simple\/\",\"name\":\"Page simple - Isabelle Cr\u00e9atrice de Bien-\u00eatre\",\"isPartOf\":{\"@id\":\"https:\/\/lvz.fr\/#website\"},\"datePublished\":\"2025-03-27T16:26:55+00:00\",\"breadcrumb\":{\"@id\":\"https:\/\/lvz.fr\/index.php\/page-simple\/#breadcrumb\"},\"inLanguage\":\"fr-FR\",\"potentialAction\":[{\"@type\":\"ReadAction\",\"target\":[\"https:\/\/lvz.fr\/index.php\/page-simple\/\"]}]},{\"@type\":\"BreadcrumbList\",\"@id\":\"https:\/\/lvz.fr\/index.php\/page-simple\/#breadcrumb\",\"itemListElement\":[{\"@type\":\"ListItem\",\"position\":1,\"name\":\"Accueil\",\"item\":\"https:\/\/lvz.fr\/\"},{\"@type\":\"ListItem\",\"position\":2,\"name\":\"Page simple\"}]},{\"@type\":\"WebSite\",\"@id\":\"https:\/\/lvz.fr\/#website\",\"url\":\"https:\/\/lvz.fr\/\",\"name\":\"Isabelle Cr\u00e9atrice de Bien-\u00eatre\",\"description\":\"Num\u00e9rologue &amp; R\u00e9flexologue formatrice\",\"publisher\":{\"@id\":\"https:\/\/lvz.fr\/#organization\"},\"potentialAction\":[{\"@type\":\"SearchAction\",\"target\":{\"@type\":\"EntryPoint\",\"urlTemplate\":\"https:\/\/lvz.fr\/?s={search_term_string}\"},\"query-input\":{\"@type\":\"PropertyValueSpecification\",\"valueRequired\":true,\"valueName\":\"search_term_string\"}}],\"inLanguage\":\"fr-FR\"},{\"@type\":\"Organization\",\"@id\":\"https:\/\/lvz.fr\/#organization\",\"name\":\"Isabelle Cr\u00e9atrice de Bien-\u00eatre\",\"url\":\"https:\/\/lvz.fr\/\",\"logo\":{\"@type\":\"ImageObject\",\"inLanguage\":\"fr-FR\",\"@id\":\"https:\/\/lvz.fr\/#\/schema\/logo\/image\/\",\"url\":\"https:\/\/lvz.fr\/wp-content\/uploads\/2024\/10\/cropped-C5912DBE-E888-4763-82AD-EC77C857A7C4_1_201_a.jpeg\",\"contentUrl\":\"https:\/\/lvz.fr\/wp-content\/uploads\/2024\/10\/cropped-C5912DBE-E888-4763-82AD-EC77C857A7C4_1_201_a.jpeg\",\"width\":453,\"height\":443,\"caption\":\"Isabelle Cr\u00e9atrice de Bien-\u00eatre\"},\"image\":{\"@id\":\"https:\/\/lvz.fr\/#\/schema\/logo\/image\/\"}}]}<\/script>\n<!-- \/ Yoast SEO plugin. -->","yoast_head_json":{"title":"Page simple - Isabelle Cr\u00e9atrice de Bien-\u00eatre","robots":{"index":"index","follow":"follow","max-snippet":"max-snippet:-1","max-image-preview":"max-image-preview:large","max-video-preview":"max-video-preview:-1"},"canonical":"https:\/\/lvz.fr\/index.php\/page-simple\/","og_locale":"fr_FR","og_type":"article","og_title":"Page simple - Isabelle Cr\u00e9atrice de Bien-\u00eatre","og_description":"Subtitle heading 2 Stet clita kasd gubergren, no sea takimata sanctus est Lorem ipsum dolor sit amet. Lorem ipsum dolor sit amet, consetetur sadipscing elitr, sed diam nonumy eirmod tempor invidunt ut labore et dolore magna aliquyam erat, sed diam voluptua. Stet clita kasd gubergren, no sea takimata sanctus est Lorem ipsum dolor sit amet. [&hellip;]","og_url":"https:\/\/lvz.fr\/index.php\/page-simple\/","og_site_name":"Isabelle Cr\u00e9atrice de Bien-\u00eatre","twitter_card":"summary_large_image","twitter_misc":{"Dur\u00e9e de lecture estim\u00e9e":"2 minutes"},"schema":{"@context":"https:\/\/schema.org","@graph":[{"@type":"WebPage","@id":"https:\/\/lvz.fr\/index.php\/page-simple\/","url":"https:\/\/lvz.fr\/index.php\/page-simple\/","name":"Page simple - Isabelle Cr\u00e9atrice de Bien-\u00eatre","isPartOf":{"@id":"https:\/\/lvz.fr\/#website"},"datePublished":"2025-03-27T16:26:55+00:00","breadcrumb":{"@id":"https:\/\/lvz.fr\/index.php\/page-simple\/#breadcrumb"},"inLanguage":"fr-FR","potentialAction":[{"@type":"ReadAction","target":["https:\/\/lvz.fr\/index.php\/page-simple\/"]}]},{"@type":"BreadcrumbList","@id":"https:\/\/lvz.fr\/index.php\/page-simple\/#breadcrumb","itemListElement":[{"@type":"ListItem","position":1,"name":"Accueil","item":"https:\/\/lvz.fr\/"},{"@type":"ListItem","position":2,"name":"Page simple"}]},{"@type":"WebSite","@id":"https:\/\/lvz.fr\/#website","url":"https:\/\/lvz.fr\/","name":"Isabelle Cr\u00e9atrice de Bien-\u00eatre","description":"Num\u00e9rologue &amp; R\u00e9flexologue formatrice","publisher":{"@id":"https:\/\/lvz.fr\/#organization"},"potentialAction":[{"@type":"SearchAction","target":{"@type":"EntryPoint","urlTemplate":"https:\/\/lvz.fr\/?s={search_term_string}"},"query-input":{"@type":"PropertyValueSpecification","valueRequired":true,"valueName":"search_term_string"}}],"inLanguage":"fr-FR"},{"@type":"Organization","@id":"https:\/\/lvz.fr\/#organization","name":"Isabelle Cr\u00e9atrice de Bien-\u00eatre","url":"https:\/\/lvz.fr\/","logo":{"@type":"ImageObject","inLanguage":"fr-FR","@id":"https:\/\/lvz.fr\/#\/schema\/logo\/image\/","url":"https:\/\/lvz.fr\/wp-content\/uploads\/2024\/10\/cropped-C5912DBE-E888-4763-82AD-EC77C857A7C4_1_201_a.jpeg","contentUrl":"https:\/\/lvz.fr\/wp-content\/uploads\/2024\/10\/cropped-C5912DBE-E888-4763-82AD-EC77C857A7C4_1_201_a.jpeg","width":453,"height":443,"caption":"Isabelle Cr\u00e9atrice de Bien-\u00eatre"},"image":{"@id":"https:\/\/lvz.fr\/#\/schema\/logo\/image\/"}}]}},"_links":{"self":[{"href":"https:\/\/lvz.fr\/index.php\/wp-json\/wp\/v2\/pages\/409","targetHints":{"allow":["GET"]}}],"collection":[{"href":"https:\/\/lvz.fr\/index.php\/wp-json\/wp\/v2\/pages"}],"about":[{"href":"https:\/\/lvz.fr\/index.php\/wp-json\/wp\/v2\/types\/page"}],"author":[{"embeddable":true,"href":"https:\/\/lvz.fr\/index.php\/wp-json\/wp\/v2\/users\/1"}],"replies":[{"embeddable":true,"href":"https:\/\/lvz.fr\/index.php\/wp-json\/wp\/v2\/comments?post=409"}],"version-history":[{"count":0,"href":"https:\/\/lvz.fr\/index.php\/wp-json\/wp\/v2\/pages\/409\/revisions"}],"wp:attachment":[{"href":"https:\/\/lvz.fr\/index.php\/wp-json\/wp\/v2\/media?parent=409"}],"curies":[{"name":"wp","href":"https:\/\/api.w.org\/{rel}","templated":true}]}}